{"id":14306,"date":"2026-01-19T21:07:03","date_gmt":"2026-01-19T20:07:03","guid":{"rendered":"https:\/\/weddinglady.ch\/?page_id=14306"},"modified":"2026-04-21T13:48:29","modified_gmt":"2026-04-21T11:48:29","slug":"funeral-speaker","status":"publish","type":"page","link":"https:\/\/weddinglady.ch\/en\/traurednerin\/","title":{"rendered":"Wedding speaker"},"content":{"rendered":"<div data-elementor-type=\"wp-page\" data-elementor-id=\"14306\" class=\"elementor elementor-14306\" data-elementor-post-type=\"page\">\n\t\t\t\t<div class=\"elementor-element elementor-element-a4daa19 e-flex e-con-boxed e-con e-parent\" data-id=\"a4daa19\" data-element_type=\"container\" data-e-type=\"container\" data-settings=\"{&quot;background_background&quot;:&quot;classic&quot;}\">\n\t\t\t\t\t<div class=\"e-con-inner\">\n\t\t<div class=\"elementor-element elementor-element-b88ad48 e-con-full e-flex e-con e-child\" data-id=\"b88ad48\" data-element_type=\"container\" data-e-type=\"container\">\n\t\t\t\t<div class=\"elementor-element elementor-element-340561b elementor-widget elementor-widget-spacer\" data-id=\"340561b\" data-element_type=\"widget\" data-e-type=\"widget\" data-widget_type=\"spacer.default\">\n\t\t\t\t<div class=\"elementor-widget-container\">\n\t\t\t\t\t\t\t<div class=\"elementor-spacer\">\n\t\t\t<div class=\"elementor-spacer-inner\"><\/div>\n\t\t<\/div>\n\t\t\t\t\t\t<\/div>\n\t\t\t\t<\/div>\n\t\t\t\t<div class=\"elementor-element elementor-element-96f68fb elementor-widget elementor-widget-image\" data-id=\"96f68fb\" data-element_type=\"widget\" data-e-type=\"widget\" data-widget_type=\"image.default\">\n\t\t\t\t<div class=\"elementor-widget-container\">\n\t\t\t\t\t\t\t\t\t\t\t\t\t\t\t<img fetchpriority=\"high\" decoding=\"async\" width=\"800\" height=\"188\" src=\"https:\/\/weddinglady.ch\/wp-content\/uploads\/2026\/01\/naomi-ben_logo-relaunch_rz-02-1024x240.png\" class=\"attachment-large size-large wp-image-13966\" alt=\"White text on a black background: NAOMI BEN in large, elegant capital letters - perfect for a wedding singer in Zurich or anywhere in Switzerland.\" srcset=\"https:\/\/weddinglady.ch\/wp-content\/uploads\/2026\/01\/naomi-ben_logo-relaunch_rz-02-1024x240.png 1024w, https:\/\/weddinglady.ch\/wp-content\/uploads\/2026\/01\/naomi-ben_logo-relaunch_rz-02-300x70.png 300w, https:\/\/weddinglady.ch\/wp-content\/uploads\/2026\/01\/naomi-ben_logo-relaunch_rz-02-768x180.png 768w, https:\/\/weddinglady.ch\/wp-content\/uploads\/2026\/01\/naomi-ben_logo-relaunch_rz-02-1536x361.png 1536w, https:\/\/weddinglady.ch\/wp-content\/uploads\/2026\/01\/naomi-ben_logo-relaunch_rz-02-2048x481.png 2048w\" sizes=\"(max-width: 800px) 100vw, 800px\" \/>\t\t\t\t\t\t\t\t\t\t\t\t\t\t\t<\/div>\n\t\t\t\t<\/div>\n\t\t\t\t<div class=\"elementor-element elementor-element-054bf03 elementor-widget__width-initial elementor-widget elementor-widget-heading\" data-id=\"054bf03\" data-element_type=\"widget\" data-e-type=\"widget\" data-widget_type=\"heading.default\">\n\t\t\t\t<div class=\"elementor-widget-container\">\n\t\t\t\t\t<h4 class=\"elementor-heading-title elementor-size-default\">Wedding Officiant with Live Singing \u2013 Your Free Ceremony<\/h4>\t\t\t\t<\/div>\n\t\t\t\t<\/div>\n\t\t\t\t<div class=\"elementor-element elementor-element-9b36e55 elementor-align-center elementor-widget-mobile__width-initial elementor-widget elementor-widget-button\" data-id=\"9b36e55\" data-element_type=\"widget\" data-e-type=\"widget\" data-widget_type=\"button.default\">\n\t\t\t\t<div class=\"elementor-widget-container\">\n\t\t\t\t\t\t\t\t\t<div class=\"elementor-button-wrapper\">\n\t\t\t\t\t<a class=\"elementor-button elementor-button-link elementor-size-sm\" href=\"https:\/\/weddinglady.ch\/en\/kontakt\/\">\n\t\t\t\t\t\t<span class=\"elementor-button-content-wrapper\">\n\t\t\t\t\t\t\t\t\t<span class=\"elementor-button-text\">Inquire now<\/span>\n\t\t\t\t\t<\/span>\n\t\t\t\t\t<\/a>\n\t\t\t\t<\/div>\n\t\t\t\t\t\t\t\t<\/div>\n\t\t\t\t<\/div>\n\t\t\t\t<\/div>\n\t\t\t\t\t<\/div>\n\t\t\t\t<\/div>\n\t\t<div class=\"elementor-element elementor-element-e8f36fa e-con-full e-flex e-con e-parent\" data-id=\"e8f36fa\" data-element_type=\"container\" data-e-type=\"container\" data-settings=\"{&quot;background_background&quot;:&quot;classic&quot;}\">\n\t\t<div class=\"elementor-element elementor-element-ac49be5 e-con-full e-flex e-con e-child\" data-id=\"ac49be5\" data-element_type=\"container\" data-e-type=\"container\">\n\t\t\t\t<div class=\"elementor-element elementor-element-0ea96d7 elementor-widget-mobile__width-initial elementor-invisible elementor-widget elementor-widget-heading\" data-id=\"0ea96d7\" data-element_type=\"widget\" data-e-type=\"widget\" data-settings=\"{&quot;_animation&quot;:&quot;fadeInUp&quot;}\" data-widget_type=\"heading.default\">\n\t\t\t\t<div class=\"elementor-widget-container\">\n\t\t\t\t\t<h2 class=\"elementor-heading-title elementor-size-default\">No off-the-peg speech<\/h2>\t\t\t\t<\/div>\n\t\t\t\t<\/div>\n\t\t\t\t<div class=\"elementor-element elementor-element-bde8e78 elementor-widget__width-initial elementor-widget elementor-widget-heading\" data-id=\"bde8e78\" data-element_type=\"widget\" data-e-type=\"widget\" data-widget_type=\"heading.default\">\n\t\t\t\t<div class=\"elementor-widget-container\">\n\t\t\t\t\t<h5 class=\"elementor-heading-title elementor-size-default\">Personalized. Tailored to you.<\/h5>\t\t\t\t<\/div>\n\t\t\t\t<\/div>\n\t\t\t\t<div class=\"elementor-element elementor-element-0ec6c6c elementor-widget elementor-widget-text-editor\" data-id=\"0ec6c6c\" data-element_type=\"widget\" data-e-type=\"widget\" data-widget_type=\"text-editor.default\">\n\t\t\t\t<div class=\"elementor-widget-container\">\n\t\t\t\t\t\t\t\t\t<p data-start=\"349\" data-end=\"492\">Every wedding speech is the result of conversations with you. Not emotional-pathetic, but genuine and authentic.<br data-start=\"918\" data-end=\"921\" \/>Words that make your story visible. Calm. Precise. Authentic.<\/p><p data-start=\"349\" data-end=\"492\">This is how your ceremony is created:<\/p>\t\t\t\t\t\t\t\t<\/div>\n\t\t\t\t<\/div>\n\t\t\t\t<div class=\"elementor-element elementor-element-68b6a9d elementor-icon-list--layout-inline elementor-align-center elementor-mobile-align-start elementor-widget__width-initial elementor-list-item-link-full_width elementor-widget elementor-widget-icon-list\" data-id=\"68b6a9d\" data-element_type=\"widget\" data-e-type=\"widget\" data-widget_type=\"icon-list.default\">\n\t\t\t\t<div class=\"elementor-widget-container\">\n\t\t\t\t\t\t\t<ul class=\"elementor-icon-list-items elementor-inline-items\">\n\t\t\t\t\t\t\t<li class=\"elementor-icon-list-item elementor-inline-item\">\n\t\t\t\t\t\t\t\t\t\t\t<span class=\"elementor-icon-list-icon\">\n\t\t\t\t\t\t\t<svg xmlns=\"http:\/\/www.w3.org\/2000\/svg\" id=\"Ebene_1\" viewbox=\"0 0 100 100\"><defs><style>      .st0 {        fill: none;        stroke: #000;        stroke-linecap: round;        stroke-linejoin: round;        stroke-width: 6px;      }    <\/style><\/defs><polyline class=\"st0\" points=\"92.42 16.13 24.69 83.87 7.58 66.75\"><\/polyline><\/svg>\t\t\t\t\t\t<\/span>\n\t\t\t\t\t\t\t\t\t\t<span class=\"elementor-icon-list-text\">Personal meeting<\/span>\n\t\t\t\t\t\t\t\t\t<\/li>\n\t\t\t\t\t\t\t\t<li class=\"elementor-icon-list-item elementor-inline-item\">\n\t\t\t\t\t\t\t\t\t\t\t<span class=\"elementor-icon-list-icon\">\n\t\t\t\t\t\t\t<svg xmlns=\"http:\/\/www.w3.org\/2000\/svg\" id=\"Ebene_1\" viewbox=\"0 0 100 100\"><defs><style>      .st0 {        fill: none;        stroke: #000;        stroke-linecap: round;        stroke-linejoin: round;        stroke-width: 6px;      }    <\/style><\/defs><polyline class=\"st0\" points=\"92.42 16.13 24.69 83.87 7.58 66.75\"><\/polyline><\/svg>\t\t\t\t\t\t<\/span>\n\t\t\t\t\t\t\t\t\t\t<span class=\"elementor-icon-list-text\">Development of a coherent process with a common thread<\/span>\n\t\t\t\t\t\t\t\t\t<\/li>\n\t\t\t\t\t\t\t\t<li class=\"elementor-icon-list-item elementor-inline-item\">\n\t\t\t\t\t\t\t\t\t\t\t<span class=\"elementor-icon-list-icon\">\n\t\t\t\t\t\t\t<svg xmlns=\"http:\/\/www.w3.org\/2000\/svg\" id=\"Ebene_1\" viewbox=\"0 0 100 100\"><defs><style>      .st0 {        fill: none;        stroke: #000;        stroke-linecap: round;        stroke-linejoin: round;        stroke-width: 6px;      }    <\/style><\/defs><polyline class=\"st0\" points=\"92.42 16.13 24.69 83.87 7.58 66.75\"><\/polyline><\/svg>\t\t\t\t\t\t<\/span>\n\t\t\t\t\t\t\t\t\t\t<span class=\"elementor-icon-list-text\">Writing with a clear focus on your values<\/span>\n\t\t\t\t\t\t\t\t\t<\/li>\n\t\t\t\t\t\t\t\t<li class=\"elementor-icon-list-item elementor-inline-item\">\n\t\t\t\t\t\t\t\t\t\t\t<span class=\"elementor-icon-list-icon\">\n\t\t\t\t\t\t\t<svg xmlns=\"http:\/\/www.w3.org\/2000\/svg\" id=\"Ebene_1\" viewbox=\"0 0 100 100\"><defs><style>      .st0 {        fill: none;        stroke: #000;        stroke-linecap: round;        stroke-linejoin: round;        stroke-width: 6px;      }    <\/style><\/defs><polyline class=\"st0\" points=\"92.42 16.13 24.69 83.87 7.58 66.75\"><\/polyline><\/svg>\t\t\t\t\t\t<\/span>\n\t\t\t\t\t\t\t\t\t\t<span class=\"elementor-icon-list-text\">Linguistic design (German, English, Swiss German)<\/span>\n\t\t\t\t\t\t\t\t\t<\/li>\n\t\t\t\t\t\t\t\t<li class=\"elementor-icon-list-item elementor-inline-item\">\n\t\t\t\t\t\t\t\t\t\t\t<span class=\"elementor-icon-list-icon\">\n\t\t\t\t\t\t\t<svg xmlns=\"http:\/\/www.w3.org\/2000\/svg\" id=\"Ebene_1\" viewbox=\"0 0 100 100\"><defs><style>      .st0 {        fill: none;        stroke: #000;        stroke-linecap: round;        stroke-linejoin: round;        stroke-width: 6px;      }    <\/style><\/defs><polyline class=\"st0\" points=\"92.42 16.13 24.69 83.87 7.58 66.75\"><\/polyline><\/svg>\t\t\t\t\t\t<\/span>\n\t\t\t\t\t\t\t\t\t\t<span class=\"elementor-icon-list-text\">Arrangements with other service providers (music, technology)<\/span>\n\t\t\t\t\t\t\t\t\t<\/li>\n\t\t\t\t\t\t\t\t<li class=\"elementor-icon-list-item elementor-inline-item\">\n\t\t\t\t\t\t\t\t\t\t\t<span class=\"elementor-icon-list-icon\">\n\t\t\t\t\t\t\t<svg xmlns=\"http:\/\/www.w3.org\/2000\/svg\" id=\"Ebene_1\" viewbox=\"0 0 100 100\"><defs><style>      .st0 {        fill: none;        stroke: #000;        stroke-linecap: round;        stroke-linejoin: round;        stroke-width: 6px;      }    <\/style><\/defs><polyline class=\"st0\" points=\"92.42 16.13 24.69 83.87 7.58 66.75\"><\/polyline><\/svg>\t\t\t\t\t\t<\/span>\n\t\t\t\t\t\t\t\t\t\t<span class=\"elementor-icon-list-text\">Conducting the ceremony on the wedding day<\/span>\n\t\t\t\t\t\t\t\t\t<\/li>\n\t\t\t\t\t\t<\/ul>\n\t\t\t\t\t\t<\/div>\n\t\t\t\t<\/div>\n\t\t\t\t<div class=\"elementor-element elementor-element-c383f32 elementor-align-left elementor-mobile-align-center elementor-widget elementor-widget-button\" data-id=\"c383f32\" data-element_type=\"widget\" data-e-type=\"widget\" data-widget_type=\"button.default\">\n\t\t\t\t<div class=\"elementor-widget-container\">\n\t\t\t\t\t\t\t\t\t<div class=\"elementor-button-wrapper\">\n\t\t\t\t\t<a class=\"elementor-button elementor-button-link elementor-size-sm\" href=\"https:\/\/weddinglady.ch\/en\/kontakt\/\" target=\"_blank\">\n\t\t\t\t\t\t<span class=\"elementor-button-content-wrapper\">\n\t\t\t\t\t\t\t\t\t<span class=\"elementor-button-text\">Inquire now<\/span>\n\t\t\t\t\t<\/span>\n\t\t\t\t\t<\/a>\n\t\t\t\t<\/div>\n\t\t\t\t\t\t\t\t<\/div>\n\t\t\t\t<\/div>\n\t\t\t\t<div class=\"elementor-element elementor-element-0d403a5 elementor-widget elementor-widget-spacer\" data-id=\"0d403a5\" data-element_type=\"widget\" data-e-type=\"widget\" data-widget_type=\"spacer.default\">\n\t\t\t\t<div class=\"elementor-widget-container\">\n\t\t\t\t\t\t\t<div class=\"elementor-spacer\">\n\t\t\t<div class=\"elementor-spacer-inner\"><\/div>\n\t\t<\/div>\n\t\t\t\t\t\t<\/div>\n\t\t\t\t<\/div>\n\t\t<div class=\"elementor-element elementor-element-9b5f112 e-con-full e-flex e-con e-child\" data-id=\"9b5f112\" data-element_type=\"container\" data-e-type=\"container\">\n\t\t<div class=\"elementor-element elementor-element-4c20748 e-con-full acf-bg-container e-flex e-con e-child\" data-id=\"4c20748\" data-element_type=\"container\" data-e-type=\"container\" data-settings=\"{&quot;background_background&quot;:&quot;classic&quot;}\">\n\t\t\t\t<\/div>\n\t\t<div class=\"elementor-element elementor-element-14a91ea e-con-full acf-bg-container e-transform e-flex e-con e-child\" data-id=\"14a91ea\" data-element_type=\"container\" data-e-type=\"container\" data-settings=\"{&quot;background_background&quot;:&quot;video&quot;,&quot;background_video_link&quot;:&quot;https:\\\/\\\/youtu.be\\\/KFy5mnolYPs&quot;,&quot;background_play_on_mobile&quot;:&quot;yes&quot;,&quot;_transform_scale_effect&quot;:{&quot;unit&quot;:&quot;px&quot;,&quot;size&quot;:1.100000000000000088817841970012523233890533447265625,&quot;sizes&quot;:[]},&quot;background_video_start&quot;:22,&quot;background_video_end&quot;:50,&quot;_transform_scale_effect_tablet&quot;:{&quot;unit&quot;:&quot;px&quot;,&quot;size&quot;:&quot;&quot;,&quot;sizes&quot;:[]},&quot;_transform_scale_effect_mobile&quot;:{&quot;unit&quot;:&quot;px&quot;,&quot;size&quot;:&quot;&quot;,&quot;sizes&quot;:[]}}\">\n\t\t<div class=\"elementor-background-video-container\">\n\t\t\t\t\t\t\t<div class=\"elementor-background-video-embed\" role=\"presentation\"><\/div>\n\t\t\t\t\t\t<\/div>\t\t<\/div>\n\t\t<div class=\"elementor-element elementor-element-8cfa728 e-con-full acf-bg-container e-flex e-con e-child\" data-id=\"8cfa728\" data-element_type=\"container\" data-e-type=\"container\" data-settings=\"{&quot;background_background&quot;:&quot;classic&quot;}\">\n\t\t\t\t<\/div>\n\t\t\t\t<\/div>\n\t\t\t\t<\/div>\n\t\t\t\t<\/div>\n\t\t<div class=\"elementor-element elementor-element-cc8623e e-grid e-con-boxed e-con e-parent\" data-id=\"cc8623e\" data-element_type=\"container\" data-e-type=\"container\" data-settings=\"{&quot;background_background&quot;:&quot;classic&quot;}\">\n\t\t\t\t\t<div class=\"e-con-inner\">\n\t\t<div class=\"elementor-element elementor-element-3cd41c9 e-con-full e-flex e-con e-child\" data-id=\"3cd41c9\" data-element_type=\"container\" data-e-type=\"container\">\n\t\t\t\t<div class=\"elementor-element elementor-element-fab69be elementor-widget__width-initial elementor-widget elementor-widget-heading\" data-id=\"fab69be\" data-element_type=\"widget\" data-e-type=\"widget\" data-widget_type=\"heading.default\">\n\t\t\t\t<div class=\"elementor-widget-container\">\n\t\t\t\t\t<h2 class=\"elementor-heading-title elementor-size-default\">A ceremony that carries<\/h2>\t\t\t\t<\/div>\n\t\t\t\t<\/div>\n\t\t\t\t<div class=\"elementor-element elementor-element-4101db1 elementor-widget__width-initial elementor-widget elementor-widget-heading\" data-id=\"4101db1\" data-element_type=\"widget\" data-e-type=\"widget\" data-widget_type=\"heading.default\">\n\t\t\t\t<div class=\"elementor-widget-container\">\n\t\t\t\t\t<h5 class=\"elementor-heading-title elementor-size-default\">Clearly guided. Personally told. With room for real moments.<\/h5>\t\t\t\t<\/div>\n\t\t\t\t<\/div>\n\t\t\t\t<div class=\"elementor-element elementor-element-7f55c29 elementor-widget__width-initial elementor-widget elementor-widget-text-editor\" data-id=\"7f55c29\" data-element_type=\"widget\" data-e-type=\"widget\" data-widget_type=\"text-editor.default\">\n\t\t\t\t<div class=\"elementor-widget-container\">\n\t\t\t\t\t\t\t\t\t<p data-start=\"128\" data-end=\"247\">A free wedding ceremony is more than just a beautiful speech. It gives your day direction and sets the tone for everything that follows. It decides how your wedding will feel. Whether it is carried by calm and clarity - or remains just another item on the program.<\/p><p data-start=\"395\" data-end=\"551\">I will guide you and your guests through the ceremony with structure and presence. With a clear process that provides security and leaves room for genuine emotion.<\/p><p data-start=\"553\" data-end=\"654\">There are moments to laugh. Moments of recognition. And moments when it gets quiet. I hold the frame. You can experience it.<\/p><p data-start=\"700\" data-end=\"821\" data-is-last-node=\"\" data-is-only-node=\"\">The result is not a decorative prelude. Instead, it is a beginning with meaning - one that is not only heard, but remembered.<\/p>\t\t\t\t\t\t\t\t<\/div>\n\t\t\t\t<\/div>\n\t\t\t\t<div class=\"elementor-element elementor-element-06a9cdf elementor-widget elementor-widget-button\" data-id=\"06a9cdf\" data-element_type=\"widget\" data-e-type=\"widget\" data-widget_type=\"button.default\">\n\t\t\t\t<div class=\"elementor-widget-container\">\n\t\t\t\t\t\t\t\t\t<div class=\"elementor-button-wrapper\">\n\t\t\t\t\t<a class=\"elementor-button elementor-button-link elementor-size-sm\" href=\"https:\/\/weddinglady.ch\/en\/kontakt\/\">\n\t\t\t\t\t\t<span class=\"elementor-button-content-wrapper\">\n\t\t\t\t\t\t\t\t\t<span class=\"elementor-button-text\">Inquire now<\/span>\n\t\t\t\t\t<\/span>\n\t\t\t\t\t<\/a>\n\t\t\t\t<\/div>\n\t\t\t\t\t\t\t\t<\/div>\n\t\t\t\t<\/div>\n\t\t\t\t<\/div>\n\t\t<div class=\"elementor-element elementor-element-42d4260 e-con-full e-flex e-con e-child\" data-id=\"42d4260\" data-element_type=\"container\" data-e-type=\"container\">\n\t\t\t\t<\/div>\n\t\t\t\t\t<\/div>\n\t\t\t\t<\/div>\n\t\t<div class=\"elementor-element elementor-element-f53695c e-flex e-con-boxed e-con e-parent\" data-id=\"f53695c\" data-element_type=\"container\" data-e-type=\"container\">\n\t\t\t\t\t<div class=\"e-con-inner\">\n\t\t<div class=\"elementor-element elementor-element-4917f5e e-con-full e-flex e-con e-child\" data-id=\"4917f5e\" data-element_type=\"container\" data-e-type=\"container\">\n\t\t<div class=\"elementor-element elementor-element-810eba6 e-con-full e-flex e-con e-child\" data-id=\"810eba6\" data-element_type=\"container\" data-e-type=\"container\">\n\t\t<div class=\"elementor-element elementor-element-e9af82a e-con-full e-flex elementor-invisible e-con e-child\" data-id=\"e9af82a\" data-element_type=\"container\" data-e-type=\"container\" data-settings=\"{&quot;animation&quot;:&quot;fadeIn&quot;,&quot;animation_delay&quot;:400}\">\n\t\t\t\t<div class=\"elementor-element elementor-element-c753c3c elementor-widget elementor-widget-image\" data-id=\"c753c3c\" data-element_type=\"widget\" data-e-type=\"widget\" data-widget_type=\"image.default\">\n\t\t\t\t<div class=\"elementor-widget-container\">\n\t\t\t\t\t\t\t\t\t\t\t\t\t\t\t<img decoding=\"async\" width=\"1707\" height=\"2560\" src=\"https:\/\/weddinglady.ch\/wp-content\/uploads\/2026\/01\/naomi-ben-freie-rednerin-hochzeit-oesterreich-waldhaus-flims14-scaled.jpg\" class=\"attachment-full size-full wp-image-14234\" alt=\"Braut und Br\u00e4utigam k\u00fcssen sich w\u00e4hrend ihrer Trauung im Freien unter einem geschm\u00fcckten Pavillon, w\u00e4hrend eine Hochzeitss\u00e4ngerin die Luft mit Musik im Herzen der Schweiz erf\u00fcllt.\" srcset=\"https:\/\/weddinglady.ch\/wp-content\/uploads\/2026\/01\/naomi-ben-freie-rednerin-hochzeit-oesterreich-waldhaus-flims14-scaled.jpg 1707w, https:\/\/weddinglady.ch\/wp-content\/uploads\/2026\/01\/naomi-ben-freie-rednerin-hochzeit-oesterreich-waldhaus-flims14-200x300.jpg 200w, https:\/\/weddinglady.ch\/wp-content\/uploads\/2026\/01\/naomi-ben-freie-rednerin-hochzeit-oesterreich-waldhaus-flims14-683x1024.jpg 683w, https:\/\/weddinglady.ch\/wp-content\/uploads\/2026\/01\/naomi-ben-freie-rednerin-hochzeit-oesterreich-waldhaus-flims14-768x1152.jpg 768w, https:\/\/weddinglady.ch\/wp-content\/uploads\/2026\/01\/naomi-ben-freie-rednerin-hochzeit-oesterreich-waldhaus-flims14-1024x1536.jpg 1024w, https:\/\/weddinglady.ch\/wp-content\/uploads\/2026\/01\/naomi-ben-freie-rednerin-hochzeit-oesterreich-waldhaus-flims14-1365x2048.jpg 1365w\" sizes=\"(max-width: 1707px) 100vw, 1707px\" \/>\t\t\t\t\t\t\t\t\t\t\t\t\t\t\t<\/div>\n\t\t\t\t<\/div>\n\t\t\t\t<\/div>\n\t\t<div class=\"elementor-element elementor-element-9f520b8 e-con-full e-flex elementor-invisible e-con e-child\" data-id=\"9f520b8\" data-element_type=\"container\" data-e-type=\"container\" data-settings=\"{&quot;animation&quot;:&quot;fadeIn&quot;,&quot;animation_delay&quot;:500}\">\n\t\t\t\t<div class=\"elementor-element elementor-element-e349ffe elementor-widget elementor-widget-image\" data-id=\"e349ffe\" data-element_type=\"widget\" data-e-type=\"widget\" data-widget_type=\"image.default\">\n\t\t\t\t<div class=\"elementor-widget-container\">\n\t\t\t\t\t\t\t\t\t\t\t\t\t\t\t<img decoding=\"async\" width=\"1707\" height=\"2560\" src=\"https:\/\/weddinglady.ch\/wp-content\/uploads\/2026\/01\/naomi-ben-freie-rednerin-dj-saengerin-hochzeit-stmoritz45-scaled.jpg\" class=\"attachment-full size-full wp-image-14190\" alt=\"Ein Paar h\u00e4lt sich w\u00e4hrend einer Hochzeitszeremonie im Freien in der Schweiz an den H\u00e4nden. Eine Traurednerin steht zwischen ihnen.\" srcset=\"https:\/\/weddinglady.ch\/wp-content\/uploads\/2026\/01\/naomi-ben-freie-rednerin-dj-saengerin-hochzeit-stmoritz45-scaled.jpg 1707w, https:\/\/weddinglady.ch\/wp-content\/uploads\/2026\/01\/naomi-ben-freie-rednerin-dj-saengerin-hochzeit-stmoritz45-200x300.jpg 200w, https:\/\/weddinglady.ch\/wp-content\/uploads\/2026\/01\/naomi-ben-freie-rednerin-dj-saengerin-hochzeit-stmoritz45-683x1024.jpg 683w, https:\/\/weddinglady.ch\/wp-content\/uploads\/2026\/01\/naomi-ben-freie-rednerin-dj-saengerin-hochzeit-stmoritz45-768x1152.jpg 768w, https:\/\/weddinglady.ch\/wp-content\/uploads\/2026\/01\/naomi-ben-freie-rednerin-dj-saengerin-hochzeit-stmoritz45-1024x1536.jpg 1024w, https:\/\/weddinglady.ch\/wp-content\/uploads\/2026\/01\/naomi-ben-freie-rednerin-dj-saengerin-hochzeit-stmoritz45-1365x2048.jpg 1365w\" sizes=\"(max-width: 1707px) 100vw, 1707px\" \/>\t\t\t\t\t\t\t\t\t\t\t\t\t\t\t<\/div>\n\t\t\t\t<\/div>\n\t\t\t\t<\/div>\n\t\t<div class=\"elementor-element elementor-element-8c7fb07 e-con-full e-flex elementor-invisible e-con e-child\" data-id=\"8c7fb07\" data-element_type=\"container\" data-e-type=\"container\" data-settings=\"{&quot;animation&quot;:&quot;fadeIn&quot;,&quot;animation_delay&quot;:600}\">\n\t\t\t\t<div class=\"elementor-element elementor-element-abfaaa0 elementor-widget elementor-widget-image\" data-id=\"abfaaa0\" data-element_type=\"widget\" data-e-type=\"widget\" data-widget_type=\"image.default\">\n\t\t\t\t<div class=\"elementor-widget-container\">\n\t\t\t\t\t\t\t\t\t\t\t\t\t\t\t<img loading=\"lazy\" decoding=\"async\" width=\"1707\" height=\"2560\" src=\"https:\/\/weddinglady.ch\/wp-content\/uploads\/2026\/01\/naomi-ben-freie-rednerin-dj-saengerin-hochzeit-stmoritz43-scaled.jpg\" class=\"attachment-full size-full wp-image-14188\" alt=\"Ein l\u00e4chelnder Mann in einem Anzug und eine Frau in einem glitzernden Kleid sitzen und lachen bei einer Veranstaltung im Freien in Z\u00fcrich.\" srcset=\"https:\/\/weddinglady.ch\/wp-content\/uploads\/2026\/01\/naomi-ben-freie-rednerin-dj-saengerin-hochzeit-stmoritz43-scaled.jpg 1707w, https:\/\/weddinglady.ch\/wp-content\/uploads\/2026\/01\/naomi-ben-freie-rednerin-dj-saengerin-hochzeit-stmoritz43-200x300.jpg 200w, https:\/\/weddinglady.ch\/wp-content\/uploads\/2026\/01\/naomi-ben-freie-rednerin-dj-saengerin-hochzeit-stmoritz43-683x1024.jpg 683w, https:\/\/weddinglady.ch\/wp-content\/uploads\/2026\/01\/naomi-ben-freie-rednerin-dj-saengerin-hochzeit-stmoritz43-768x1152.jpg 768w, https:\/\/weddinglady.ch\/wp-content\/uploads\/2026\/01\/naomi-ben-freie-rednerin-dj-saengerin-hochzeit-stmoritz43-1024x1536.jpg 1024w, https:\/\/weddinglady.ch\/wp-content\/uploads\/2026\/01\/naomi-ben-freie-rednerin-dj-saengerin-hochzeit-stmoritz43-1365x2048.jpg 1365w\" sizes=\"(max-width: 1707px) 100vw, 1707px\" \/>\t\t\t\t\t\t\t\t\t\t\t\t\t\t\t<\/div>\n\t\t\t\t<\/div>\n\t\t\t\t<\/div>\n\t\t\t\t<\/div>\n\t\t\t\t<\/div>\n\t\t\t\t\t<\/div>\n\t\t\t\t<\/div>\n\t\t\t\t<\/div>","protected":false},"excerpt":{"rendered":"<p>Traurednerin mit Live-Gesang \u2013 Eure freie Zeremonie Jetzt anfragen Keine Rede von der Stange Pers\u00f6nlich. Auf euch zugeschnitten. Jede Traurede entsteht aus Gespr\u00e4chen mit euch. Nicht emotional-pathetisch, sondern echt und verbindlich.Worte, die eure Geschichte sichtbar machen. Ruhig. Pr\u00e4zise. Authentisch. So entsteht eure Zeremonie: Pers\u00f6nliches Kennenlerngespr\u00e4ch Entwicklung eines stimmigen Ablaufs mit rotem Faden Schreibarbeit mit klarem [&hellip;]<\/p>\n","protected":false},"author":3,"featured_media":0,"parent":0,"menu_order":0,"comment_status":"closed","ping_status":"closed","template":"elementor_header_footer","meta":{"_acf_changed":false,"footnotes":""},"class_list":["post-14306","page","type-page","status-publish","hentry"],"acf":[],"_links":{"self":[{"href":"https:\/\/weddinglady.ch\/en\/wp-json\/wp\/v2\/pages\/14306","targetHints":{"allow":["GET"]}}],"collection":[{"href":"https:\/\/weddinglady.ch\/en\/wp-json\/wp\/v2\/pages"}],"about":[{"href":"https:\/\/weddinglady.ch\/en\/wp-json\/wp\/v2\/types\/page"}],"author":[{"embeddable":true,"href":"https:\/\/weddinglady.ch\/en\/wp-json\/wp\/v2\/users\/3"}],"replies":[{"embeddable":true,"href":"https:\/\/weddinglady.ch\/en\/wp-json\/wp\/v2\/comments?post=14306"}],"version-history":[{"count":10,"href":"https:\/\/weddinglady.ch\/en\/wp-json\/wp\/v2\/pages\/14306\/revisions"}],"predecessor-version":[{"id":15722,"href":"https:\/\/weddinglady.ch\/en\/wp-json\/wp\/v2\/pages\/14306\/revisions\/15722"}],"wp:attachment":[{"href":"https:\/\/weddinglady.ch\/en\/wp-json\/wp\/v2\/media?parent=14306"}],"curies":[{"name":"wp","href":"https:\/\/api.w.org\/{rel}","templated":true}]}}