{"id":14252,"date":"2026-01-19T13:48:15","date_gmt":"2026-01-19T12:48:15","guid":{"rendered":"https:\/\/weddinglady.ch\/?page_id=14252"},"modified":"2026-04-16T15:39:09","modified_gmt":"2026-04-16T13:39:09","slug":"singer","status":"publish","type":"page","link":"https:\/\/weddinglady.ch\/en\/saengerin\/","title":{"rendered":"Singer"},"content":{"rendered":"<div data-elementor-type=\"wp-page\" data-elementor-id=\"14252\" class=\"elementor elementor-14252\" data-elementor-post-type=\"page\">\n\t\t\t\t<div class=\"elementor-element elementor-element-7fd293a e-flex e-con-boxed e-con e-parent\" data-id=\"7fd293a\" data-element_type=\"container\" data-e-type=\"container\" data-settings=\"{&quot;background_background&quot;:&quot;classic&quot;}\">\n\t\t\t\t\t<div class=\"e-con-inner\">\n\t\t<div class=\"elementor-element elementor-element-6b09261 e-con-full e-flex e-con e-child\" data-id=\"6b09261\" data-element_type=\"container\" data-e-type=\"container\">\n\t\t\t\t<div class=\"elementor-element elementor-element-ac4bbe8 elementor-widget elementor-widget-spacer\" data-id=\"ac4bbe8\" data-element_type=\"widget\" data-e-type=\"widget\" data-widget_type=\"spacer.default\">\n\t\t\t\t<div class=\"elementor-widget-container\">\n\t\t\t\t\t\t\t<div class=\"elementor-spacer\">\n\t\t\t<div class=\"elementor-spacer-inner\"><\/div>\n\t\t<\/div>\n\t\t\t\t\t\t<\/div>\n\t\t\t\t<\/div>\n\t\t\t\t<div class=\"elementor-element elementor-element-2f3349e elementor-widget elementor-widget-image\" data-id=\"2f3349e\" data-element_type=\"widget\" data-e-type=\"widget\" data-widget_type=\"image.default\">\n\t\t\t\t<div class=\"elementor-widget-container\">\n\t\t\t\t\t\t\t\t\t\t\t\t\t\t\t<img fetchpriority=\"high\" decoding=\"async\" width=\"800\" height=\"188\" src=\"https:\/\/weddinglady.ch\/wp-content\/uploads\/2026\/01\/naomi-ben_logo-relaunch_rz-02-1024x240.png\" class=\"attachment-large size-large wp-image-13966\" alt=\"White text on a black background: NAOMI BEN in large, elegant capital letters - perfect for a wedding singer in Zurich or anywhere in Switzerland.\" srcset=\"https:\/\/weddinglady.ch\/wp-content\/uploads\/2026\/01\/naomi-ben_logo-relaunch_rz-02-1024x240.png 1024w, https:\/\/weddinglady.ch\/wp-content\/uploads\/2026\/01\/naomi-ben_logo-relaunch_rz-02-300x70.png 300w, https:\/\/weddinglady.ch\/wp-content\/uploads\/2026\/01\/naomi-ben_logo-relaunch_rz-02-768x180.png 768w, https:\/\/weddinglady.ch\/wp-content\/uploads\/2026\/01\/naomi-ben_logo-relaunch_rz-02-1536x361.png 1536w, https:\/\/weddinglady.ch\/wp-content\/uploads\/2026\/01\/naomi-ben_logo-relaunch_rz-02-2048x481.png 2048w\" sizes=\"(max-width: 800px) 100vw, 800px\" \/>\t\t\t\t\t\t\t\t\t\t\t\t\t\t\t<\/div>\n\t\t\t\t<\/div>\n\t\t\t\t<div class=\"elementor-element elementor-element-6b0e5c3 elementor-widget__width-initial elementor-widget elementor-widget-heading\" data-id=\"6b0e5c3\" data-element_type=\"widget\" data-e-type=\"widget\" data-widget_type=\"heading.default\">\n\t\t\t\t<div class=\"elementor-widget-container\">\n\t\t\t\t\t<h4 class=\"elementor-heading-title elementor-size-default\">Live vocals for a harmonious wedding experience<\/h4>\t\t\t\t<\/div>\n\t\t\t\t<\/div>\n\t\t\t\t<div class=\"elementor-element elementor-element-5bf6b63 elementor-align-center elementor-widget-mobile__width-initial elementor-widget elementor-widget-button\" data-id=\"5bf6b63\" data-element_type=\"widget\" data-e-type=\"widget\" data-widget_type=\"button.default\">\n\t\t\t\t<div class=\"elementor-widget-container\">\n\t\t\t\t\t\t\t\t\t<div class=\"elementor-button-wrapper\">\n\t\t\t\t\t<a class=\"elementor-button elementor-button-link elementor-size-sm\" href=\"https:\/\/weddinglady.ch\/en\/kontakt\/\">\n\t\t\t\t\t\t<span class=\"elementor-button-content-wrapper\">\n\t\t\t\t\t\t\t\t\t<span class=\"elementor-button-text\">Inquire now<\/span>\n\t\t\t\t\t<\/span>\n\t\t\t\t\t<\/a>\n\t\t\t\t<\/div>\n\t\t\t\t\t\t\t\t<\/div>\n\t\t\t\t<\/div>\n\t\t\t\t<\/div>\n\t\t\t\t\t<\/div>\n\t\t\t\t<\/div>\n\t\t<div class=\"elementor-element elementor-element-b4bb2b5 e-grid e-con-boxed e-con e-parent\" data-id=\"b4bb2b5\" data-element_type=\"container\" data-e-type=\"container\">\n\t\t\t\t\t<div class=\"e-con-inner\">\n\t\t<div class=\"elementor-element elementor-element-1b3c083 e-con-full e-flex e-con e-child\" data-id=\"1b3c083\" data-element_type=\"container\" data-e-type=\"container\" data-settings=\"{&quot;background_background&quot;:&quot;classic&quot;}\">\n\t\t\t\t<\/div>\n\t\t<div class=\"elementor-element elementor-element-a39e1a3 e-con-full e-flex e-con e-child\" data-id=\"a39e1a3\" data-element_type=\"container\" data-e-type=\"container\">\n\t\t\t\t<div class=\"elementor-element elementor-element-df0bddd elementor-widget elementor-widget-heading\" data-id=\"df0bddd\" data-element_type=\"widget\" data-e-type=\"widget\" data-widget_type=\"heading.default\">\n\t\t\t\t<div class=\"elementor-widget-container\">\n\t\t\t\t\t<h2 class=\"elementor-heading-title elementor-size-default\">Live vocals with presence<\/h2>\t\t\t\t<\/div>\n\t\t\t\t<\/div>\n\t\t\t\t<div class=\"elementor-element elementor-element-191f63c elementor-widget elementor-widget-heading\" data-id=\"191f63c\" data-element_type=\"widget\" data-e-type=\"widget\" data-widget_type=\"heading.default\">\n\t\t\t\t<div class=\"elementor-widget-container\">\n\t\t\t\t\t<h5 class=\"elementor-heading-title elementor-size-default\">The right moment decides<\/h5>\t\t\t\t<\/div>\n\t\t\t\t<\/div>\n\t\t\t\t<div class=\"elementor-element elementor-element-6249c03 elementor-widget__width-initial elementor-widget elementor-widget-text-editor\" data-id=\"6249c03\" data-element_type=\"widget\" data-e-type=\"widget\" data-widget_type=\"text-editor.default\">\n\t\t\t\t<div class=\"elementor-widget-container\">\n\t\t\t\t\t\t\t\t\t<p data-start=\"163\" data-end=\"475\">Live singing is not a program item that is simply inserted. It reinforces what can already be felt in the room and gives certain moments more depth and presence. Especially during the entrance, the exchange of rings or a transition, music creates an additional level that words alone cannot carry.<\/p><p data-start=\"477\" data-end=\"729\">I don't choose songs according to trend, but according to effect. The voice, lyrics and timing must suit the situation and you as a couple. It's crucial that the music doesn't work in isolation, but supports the proceedings and consciously helps to shape the atmosphere.<\/p><p data-start=\"731\" data-end=\"1002\">Every wedding has its own tone. Together we choose songs that emphasize your story and fit harmoniously into the ceremony. Whether with piano or high-quality playback - it is important that the music and the proceedings form a whole and do not stand next to each other.<\/p><p data-start=\"1004\" data-end=\"1146\" data-is-last-node=\"\" data-is-only-node=\"\">The music can be performed in German, English or Swiss German and is always tailored to your setting and your guests.<\/p>\t\t\t\t\t\t\t\t<\/div>\n\t\t\t\t<\/div>\n\t\t\t\t<div class=\"elementor-element elementor-element-9deb8aa elementor-widget elementor-widget-button\" data-id=\"9deb8aa\" data-element_type=\"widget\" data-e-type=\"widget\" data-widget_type=\"button.default\">\n\t\t\t\t<div class=\"elementor-widget-container\">\n\t\t\t\t\t\t\t\t\t<div class=\"elementor-button-wrapper\">\n\t\t\t\t\t<a class=\"elementor-button elementor-button-link elementor-size-sm\" href=\"https:\/\/weddinglady.ch\/en\/kontakt\/\">\n\t\t\t\t\t\t<span class=\"elementor-button-content-wrapper\">\n\t\t\t\t\t\t\t\t\t<span class=\"elementor-button-text\">Inquire now<\/span>\n\t\t\t\t\t<\/span>\n\t\t\t\t\t<\/a>\n\t\t\t\t<\/div>\n\t\t\t\t\t\t\t\t<\/div>\n\t\t\t\t<\/div>\n\t\t\t\t<\/div>\n\t\t\t\t\t<\/div>\n\t\t\t\t<\/div>\n\t\t<div class=\"elementor-element elementor-element-0287e83 e-grid e-con-boxed e-con e-parent\" data-id=\"0287e83\" data-element_type=\"container\" data-e-type=\"container\" data-settings=\"{&quot;background_background&quot;:&quot;classic&quot;}\">\n\t\t\t\t\t<div class=\"e-con-inner\">\n\t\t<div class=\"elementor-element elementor-element-abdec3b e-con-full e-flex e-con e-child\" data-id=\"abdec3b\" data-element_type=\"container\" data-e-type=\"container\">\n\t\t\t\t<div class=\"elementor-element elementor-element-b5727e5 elementor-widget__width-initial elementor-widget elementor-widget-heading\" data-id=\"b5727e5\" data-element_type=\"widget\" data-e-type=\"widget\" data-widget_type=\"heading.default\">\n\t\t\t\t<div class=\"elementor-widget-container\">\n\t\t\t\t\t<h2 class=\"elementor-heading-title elementor-size-default\">Your musical accompaniment<\/h2>\t\t\t\t<\/div>\n\t\t\t\t<\/div>\n\t\t\t\t<div class=\"elementor-element elementor-element-da8cfd9 elementor-widget__width-initial elementor-widget elementor-widget-heading\" data-id=\"da8cfd9\" data-element_type=\"widget\" data-e-type=\"widget\" data-widget_type=\"heading.default\">\n\t\t\t\t<div class=\"elementor-widget-container\">\n\t\t\t\t\t<h5 class=\"elementor-heading-title elementor-size-default\">Professionally prepared. Safely implemented.<\/h5>\t\t\t\t<\/div>\n\t\t\t\t<\/div>\n\t\t\t\t<div class=\"elementor-element elementor-element-7c0560c elementor-widget__width-initial elementor-widget elementor-widget-text-editor\" data-id=\"7c0560c\" data-element_type=\"widget\" data-e-type=\"widget\" data-widget_type=\"text-editor.default\">\n\t\t\t\t<div class=\"elementor-widget-container\">\n\t\t\t\t\t\t\t\t\t<p data-start=\"365\" data-end=\"547\">Live singing is only convincing if the technology, timing and sequence are perfectly coordinated. That's why I clarify all the details with you and the service providers involved in advance.<\/p><p data-start=\"549\" data-end=\"700\">We discuss the starting points, transitions and duration of the musical accompaniment. The result is not a random moment, but a clearly planned dramaturgy.<\/p><p data-start=\"702\" data-end=\"875\">On the wedding day, you can rely on the music and the ceremony to work together. I take responsibility for my part - calm, present and professional.<\/p>\t\t\t\t\t\t\t\t<\/div>\n\t\t\t\t<\/div>\n\t\t\t\t<div class=\"elementor-element elementor-element-770aca5 elementor-widget elementor-widget-button\" data-id=\"770aca5\" data-element_type=\"widget\" data-e-type=\"widget\" data-widget_type=\"button.default\">\n\t\t\t\t<div class=\"elementor-widget-container\">\n\t\t\t\t\t\t\t\t\t<div class=\"elementor-button-wrapper\">\n\t\t\t\t\t<a class=\"elementor-button elementor-button-link elementor-size-sm\" href=\"https:\/\/weddinglady.ch\/en\/kontakt\/\">\n\t\t\t\t\t\t<span class=\"elementor-button-content-wrapper\">\n\t\t\t\t\t\t\t\t\t<span class=\"elementor-button-text\">Inquire now<\/span>\n\t\t\t\t\t<\/span>\n\t\t\t\t\t<\/a>\n\t\t\t\t<\/div>\n\t\t\t\t\t\t\t\t<\/div>\n\t\t\t\t<\/div>\n\t\t\t\t<\/div>\n\t\t<div class=\"elementor-element elementor-element-c99832a e-con-full e-flex e-con e-child\" data-id=\"c99832a\" data-element_type=\"container\" data-e-type=\"container\">\n\t\t\t\t<\/div>\n\t\t\t\t\t<\/div>\n\t\t\t\t<\/div>\n\t\t<div class=\"elementor-element elementor-element-dc09964 elementor-hidden-mobile e-flex e-con-boxed e-con e-parent\" data-id=\"dc09964\" data-element_type=\"container\" data-e-type=\"container\">\n\t\t\t\t\t<div class=\"e-con-inner\">\n\t\t<div class=\"elementor-element elementor-element-c4fe617 e-con-full e-flex e-con e-child\" data-id=\"c4fe617\" data-element_type=\"container\" data-e-type=\"container\">\n\t\t<div class=\"elementor-element elementor-element-286ca48 e-con-full e-flex e-con e-child\" data-id=\"286ca48\" data-element_type=\"container\" data-e-type=\"container\">\n\t\t<div class=\"elementor-element elementor-element-8284a84 e-con-full e-flex elementor-invisible e-con e-child\" data-id=\"8284a84\" data-element_type=\"container\" data-e-type=\"container\" data-settings=\"{&quot;animation&quot;:&quot;fadeIn&quot;,&quot;animation_delay&quot;:400}\">\n\t\t\t\t<div class=\"elementor-element elementor-element-283dc45 elementor-widget elementor-widget-image\" data-id=\"283dc45\" data-element_type=\"widget\" data-e-type=\"widget\" data-widget_type=\"image.default\">\n\t\t\t\t<div class=\"elementor-widget-container\">\n\t\t\t\t\t\t\t\t\t\t\t\t\t\t\t<img decoding=\"async\" width=\"1067\" height=\"1600\" src=\"https:\/\/weddinglady.ch\/wp-content\/uploads\/2026\/01\/naomi-ben-freie-rednerin-dj-saengerin-hochzeit-stmoritz69.jpg\" class=\"attachment-full size-full wp-image-14214\" alt=\"A bride in a white dress dances joyfully with the guests around her at a lively indoor celebration in Zurich, guided by an experienced officiant.\" srcset=\"https:\/\/weddinglady.ch\/wp-content\/uploads\/2026\/01\/naomi-ben-freie-rednerin-dj-saengerin-hochzeit-stmoritz69.jpg 1067w, https:\/\/weddinglady.ch\/wp-content\/uploads\/2026\/01\/naomi-ben-freie-rednerin-dj-saengerin-hochzeit-stmoritz69-200x300.jpg 200w, https:\/\/weddinglady.ch\/wp-content\/uploads\/2026\/01\/naomi-ben-freie-rednerin-dj-saengerin-hochzeit-stmoritz69-683x1024.jpg 683w, https:\/\/weddinglady.ch\/wp-content\/uploads\/2026\/01\/naomi-ben-freie-rednerin-dj-saengerin-hochzeit-stmoritz69-768x1152.jpg 768w, https:\/\/weddinglady.ch\/wp-content\/uploads\/2026\/01\/naomi-ben-freie-rednerin-dj-saengerin-hochzeit-stmoritz69-1024x1536.jpg 1024w\" sizes=\"(max-width: 1067px) 100vw, 1067px\" \/>\t\t\t\t\t\t\t\t\t\t\t\t\t\t\t<\/div>\n\t\t\t\t<\/div>\n\t\t\t\t<\/div>\n\t\t<div class=\"elementor-element elementor-element-58608dd e-con-full e-flex elementor-invisible e-con e-child\" data-id=\"58608dd\" data-element_type=\"container\" data-e-type=\"container\" data-settings=\"{&quot;animation&quot;:&quot;fadeIn&quot;,&quot;animation_delay&quot;:500}\">\n\t\t\t\t<div class=\"elementor-element elementor-element-6fabed7 elementor-widget elementor-widget-image\" data-id=\"6fabed7\" data-element_type=\"widget\" data-e-type=\"widget\" data-widget_type=\"image.default\">\n\t\t\t\t<div class=\"elementor-widget-container\">\n\t\t\t\t\t\t\t\t\t\t\t\t\t\t\t<img decoding=\"async\" width=\"854\" height=\"1280\" src=\"https:\/\/weddinglady.ch\/wp-content\/uploads\/2026\/01\/naomi-ben-dj-saengerin-party-events-wedding9.jpeg\" class=\"attachment-full size-full wp-image-14137\" alt=\"Woman in a black sequin top singing into a microphone with warm stage lighting, perfect as your wedding singer for an unforgettable celebration.\" srcset=\"https:\/\/weddinglady.ch\/wp-content\/uploads\/2026\/01\/naomi-ben-dj-saengerin-party-events-wedding9.jpeg 854w, https:\/\/weddinglady.ch\/wp-content\/uploads\/2026\/01\/naomi-ben-dj-saengerin-party-events-wedding9-200x300.jpeg 200w, https:\/\/weddinglady.ch\/wp-content\/uploads\/2026\/01\/naomi-ben-dj-saengerin-party-events-wedding9-683x1024.jpeg 683w, https:\/\/weddinglady.ch\/wp-content\/uploads\/2026\/01\/naomi-ben-dj-saengerin-party-events-wedding9-768x1151.jpeg 768w\" sizes=\"(max-width: 854px) 100vw, 854px\" \/>\t\t\t\t\t\t\t\t\t\t\t\t\t\t\t<\/div>\n\t\t\t\t<\/div>\n\t\t\t\t<\/div>\n\t\t<div class=\"elementor-element elementor-element-3f3ea17 e-con-full e-flex elementor-invisible e-con e-child\" data-id=\"3f3ea17\" data-element_type=\"container\" data-e-type=\"container\" data-settings=\"{&quot;animation&quot;:&quot;fadeIn&quot;,&quot;animation_delay&quot;:600}\">\n\t\t\t\t<div class=\"elementor-element elementor-element-a70c805 elementor-widget elementor-widget-image\" data-id=\"a70c805\" data-element_type=\"widget\" data-e-type=\"widget\" data-widget_type=\"image.default\">\n\t\t\t\t<div class=\"elementor-widget-container\">\n\t\t\t\t\t\t\t\t\t\t\t\t\t\t\t<img loading=\"lazy\" decoding=\"async\" width=\"1067\" height=\"1600\" src=\"https:\/\/weddinglady.ch\/wp-content\/uploads\/2026\/01\/naomi-ben-freie-rednerin-dj-saengerin-hochzeit-stmoritz71.jpg\" class=\"attachment-full size-full wp-image-14216\" alt=\"A wedding singer in a white dress winks and gestures playfully at the camera; a man in a suit smiles behind her - festive atmosphere in Zurich, Switzerland.\" srcset=\"https:\/\/weddinglady.ch\/wp-content\/uploads\/2026\/01\/naomi-ben-freie-rednerin-dj-saengerin-hochzeit-stmoritz71.jpg 1067w, https:\/\/weddinglady.ch\/wp-content\/uploads\/2026\/01\/naomi-ben-freie-rednerin-dj-saengerin-hochzeit-stmoritz71-200x300.jpg 200w, https:\/\/weddinglady.ch\/wp-content\/uploads\/2026\/01\/naomi-ben-freie-rednerin-dj-saengerin-hochzeit-stmoritz71-683x1024.jpg 683w, https:\/\/weddinglady.ch\/wp-content\/uploads\/2026\/01\/naomi-ben-freie-rednerin-dj-saengerin-hochzeit-stmoritz71-768x1152.jpg 768w, https:\/\/weddinglady.ch\/wp-content\/uploads\/2026\/01\/naomi-ben-freie-rednerin-dj-saengerin-hochzeit-stmoritz71-1024x1536.jpg 1024w\" sizes=\"(max-width: 1067px) 100vw, 1067px\" \/>\t\t\t\t\t\t\t\t\t\t\t\t\t\t\t<\/div>\n\t\t\t\t<\/div>\n\t\t\t\t<\/div>\n\t\t\t\t<\/div>\n\t\t\t\t<\/div>\n\t\t\t\t\t<\/div>\n\t\t\t\t<\/div>\n\t\t\t\t<\/div>","protected":false},"excerpt":{"rendered":"<p>Live Vocals f\u00fcr eine stimmige Wedding Experience Jetzt anfragen Live-Gesang mit Pr\u00e4senz Der richtige Moment entscheidet Live-Gesang ist kein Programmpunkt, der einfach eingef\u00fcgt wird. Er verst\u00e4rkt das, was im Raum bereits sp\u00fcrbar ist, und gibt bestimmten Momenten mehr Tiefe und Pr\u00e4senz. Besonders beim Einzug, beim Ringtausch oder in einem \u00dcbergang entsteht durch Musik eine zus\u00e4tzliche [&hellip;]<\/p>\n","protected":false},"author":3,"featured_media":0,"parent":0,"menu_order":0,"comment_status":"closed","ping_status":"closed","template":"elementor_header_footer","meta":{"_acf_changed":false,"footnotes":""},"class_list":["post-14252","page","type-page","status-publish","hentry"],"acf":[],"_links":{"self":[{"href":"https:\/\/weddinglady.ch\/en\/wp-json\/wp\/v2\/pages\/14252","targetHints":{"allow":["GET"]}}],"collection":[{"href":"https:\/\/weddinglady.ch\/en\/wp-json\/wp\/v2\/pages"}],"about":[{"href":"https:\/\/weddinglady.ch\/en\/wp-json\/wp\/v2\/types\/page"}],"author":[{"embeddable":true,"href":"https:\/\/weddinglady.ch\/en\/wp-json\/wp\/v2\/users\/3"}],"replies":[{"embeddable":true,"href":"https:\/\/weddinglady.ch\/en\/wp-json\/wp\/v2\/comments?post=14252"}],"version-history":[{"count":10,"href":"https:\/\/weddinglady.ch\/en\/wp-json\/wp\/v2\/pages\/14252\/revisions"}],"predecessor-version":[{"id":15690,"href":"https:\/\/weddinglady.ch\/en\/wp-json\/wp\/v2\/pages\/14252\/revisions\/15690"}],"wp:attachment":[{"href":"https:\/\/weddinglady.ch\/en\/wp-json\/wp\/v2\/media?parent=14252"}],"curies":[{"name":"wp","href":"https:\/\/api.w.org\/{rel}","templated":true}]}}