{"id":13132,"date":"2025-10-20T15:08:28","date_gmt":"2025-10-20T13:08:28","guid":{"rendered":"https:\/\/weddinglady.ch\/?page_id=13132"},"modified":"2026-04-16T15:35:48","modified_gmt":"2026-04-16T13:35:48","slug":"about","status":"publish","type":"page","link":"https:\/\/weddinglady.ch\/en\/about\/","title":{"rendered":"About me"},"content":{"rendered":"<div data-elementor-type=\"wp-page\" data-elementor-id=\"13132\" class=\"elementor elementor-13132\" data-elementor-post-type=\"page\">\n\t\t\t\t<div class=\"elementor-element elementor-element-9b39ad4 e-flex e-con-boxed e-con e-parent\" data-id=\"9b39ad4\" data-element_type=\"container\" data-e-type=\"container\" data-settings=\"{&quot;background_background&quot;:&quot;classic&quot;}\">\n\t\t\t\t\t<div class=\"e-con-inner\">\n\t\t<div class=\"elementor-element elementor-element-1f6de9b e-con-full e-flex e-con e-child\" data-id=\"1f6de9b\" data-element_type=\"container\" data-e-type=\"container\">\n\t\t\t\t<div class=\"elementor-element elementor-element-418f2b8 elementor-widget elementor-widget-spacer\" data-id=\"418f2b8\" data-element_type=\"widget\" data-e-type=\"widget\" data-widget_type=\"spacer.default\">\n\t\t\t\t<div class=\"elementor-widget-container\">\n\t\t\t\t\t\t\t<div class=\"elementor-spacer\">\n\t\t\t<div class=\"elementor-spacer-inner\"><\/div>\n\t\t<\/div>\n\t\t\t\t\t\t<\/div>\n\t\t\t\t<\/div>\n\t\t\t\t<div class=\"elementor-element elementor-element-7d73bb3 elementor-widget elementor-widget-image\" data-id=\"7d73bb3\" data-element_type=\"widget\" data-e-type=\"widget\" data-widget_type=\"image.default\">\n\t\t\t\t<div class=\"elementor-widget-container\">\n\t\t\t\t\t\t\t\t\t\t\t\t\t\t\t<img fetchpriority=\"high\" decoding=\"async\" width=\"800\" height=\"188\" src=\"https:\/\/weddinglady.ch\/wp-content\/uploads\/2026\/01\/naomi-ben_logo-relaunch_rz-02-1024x240.png\" class=\"attachment-large size-large wp-image-13966\" alt=\"\" srcset=\"https:\/\/weddinglady.ch\/wp-content\/uploads\/2026\/01\/naomi-ben_logo-relaunch_rz-02-1024x240.png 1024w, https:\/\/weddinglady.ch\/wp-content\/uploads\/2026\/01\/naomi-ben_logo-relaunch_rz-02-300x70.png 300w, https:\/\/weddinglady.ch\/wp-content\/uploads\/2026\/01\/naomi-ben_logo-relaunch_rz-02-768x180.png 768w, https:\/\/weddinglady.ch\/wp-content\/uploads\/2026\/01\/naomi-ben_logo-relaunch_rz-02-1536x361.png 1536w, https:\/\/weddinglady.ch\/wp-content\/uploads\/2026\/01\/naomi-ben_logo-relaunch_rz-02-2048x481.png 2048w\" sizes=\"(max-width: 800px) 100vw, 800px\" \/>\t\t\t\t\t\t\t\t\t\t\t\t\t\t\t<\/div>\n\t\t\t\t<\/div>\n\t\t\t\t<div class=\"elementor-element elementor-element-f4b1908 elementor-widget__width-initial elementor-widget elementor-widget-heading\" data-id=\"f4b1908\" data-element_type=\"widget\" data-e-type=\"widget\" data-widget_type=\"heading.default\">\n\t\t\t\t<div class=\"elementor-widget-container\">\n\t\t\t\t\t<h4 class=\"elementor-heading-title elementor-size-default\">The Wedding Experience - Ceremony. Vocals. DJ.<\/h4>\t\t\t\t<\/div>\n\t\t\t\t<\/div>\n\t\t\t\t<div class=\"elementor-element elementor-element-c6b8e55 elementor-align-center elementor-widget-mobile__width-initial elementor-widget elementor-widget-button\" data-id=\"c6b8e55\" data-element_type=\"widget\" data-e-type=\"widget\" data-widget_type=\"button.default\">\n\t\t\t\t<div class=\"elementor-widget-container\">\n\t\t\t\t\t\t\t\t\t<div class=\"elementor-button-wrapper\">\n\t\t\t\t\t<a class=\"elementor-button elementor-button-link elementor-size-sm\" href=\"https:\/\/weddinglady.ch\/en\/kontakt\/\">\n\t\t\t\t\t\t<span class=\"elementor-button-content-wrapper\">\n\t\t\t\t\t\t\t\t\t<span class=\"elementor-button-text\">Inquire now<\/span>\n\t\t\t\t\t<\/span>\n\t\t\t\t\t<\/a>\n\t\t\t\t<\/div>\n\t\t\t\t\t\t\t\t<\/div>\n\t\t\t\t<\/div>\n\t\t\t\t<\/div>\n\t\t\t\t\t<\/div>\n\t\t\t\t<\/div>\n\t\t<div class=\"elementor-element elementor-element-6320196 e-grid e-con-boxed e-con e-parent\" data-id=\"6320196\" data-element_type=\"container\" data-e-type=\"container\" data-settings=\"{&quot;background_background&quot;:&quot;classic&quot;}\">\n\t\t\t\t\t<div class=\"e-con-inner\">\n\t\t<div class=\"elementor-element elementor-element-85b66c3 e-con-full e-flex e-con e-child\" data-id=\"85b66c3\" data-element_type=\"container\" data-e-type=\"container\">\n\t\t\t\t<div class=\"elementor-element elementor-element-0939742 elementor-widget elementor-widget-heading\" data-id=\"0939742\" data-element_type=\"widget\" data-e-type=\"widget\" data-widget_type=\"heading.default\">\n\t\t\t\t<div class=\"elementor-widget-container\">\n\t\t\t\t\t<h2 class=\"elementor-heading-title elementor-size-default\">Who I am<\/h2>\t\t\t\t<\/div>\n\t\t\t\t<\/div>\n\t\t\t\t<div class=\"elementor-element elementor-element-9d8b47a elementor-widget elementor-widget-heading\" data-id=\"9d8b47a\" data-element_type=\"widget\" data-e-type=\"widget\" data-widget_type=\"heading.default\">\n\t\t\t\t<div class=\"elementor-widget-container\">\n\t\t\t\t\t<h5 class=\"elementor-heading-title elementor-size-default\">Who is behind the Wedding Experience<\/h5>\t\t\t\t<\/div>\n\t\t\t\t<\/div>\n\t\t\t\t<div class=\"elementor-element elementor-element-38ca324 elementor-widget__width-initial elementor-widget elementor-widget-text-editor\" data-id=\"38ca324\" data-element_type=\"widget\" data-e-type=\"widget\" data-widget_type=\"text-editor.default\">\n\t\t\t\t<div class=\"elementor-widget-container\">\n\t\t\t\t\t\t\t\t\t<p data-start=\"792\" data-end=\"917\">Wedding singer, wedding speaker and DJ - with an international background and a clear commitment to quality.<\/p><p data-start=\"919\" data-end=\"1073\">What sets me apart is not just experience, but responsibility. I think of weddings as a whole. With a feeling for people, timing and atmosphere.<\/p><p data-start=\"1173\" data-end=\"1252\">Music was my beginning. Live performances shaped my sense of atmosphere. Training as a freelance celebrant brought structure and depth. <strong data-start=\"283\" data-end=\"343\">The DJ training in Los Angeles complements this concept.<\/strong><\/p><p data-start=\"61\" data-end=\"164\">Today, I combine all three areas in a consistent concept.<\/p>\t\t\t\t\t\t\t\t<\/div>\n\t\t\t\t<\/div>\n\t\t\t\t<div class=\"elementor-element elementor-element-b7e09fc elementor-widget elementor-widget-button\" data-id=\"b7e09fc\" data-element_type=\"widget\" data-e-type=\"widget\" data-widget_type=\"button.default\">\n\t\t\t\t<div class=\"elementor-widget-container\">\n\t\t\t\t\t\t\t\t\t<div class=\"elementor-button-wrapper\">\n\t\t\t\t\t<a class=\"elementor-button elementor-button-link elementor-size-sm\" href=\"https:\/\/weddinglady.ch\/en\/kontakt\/\">\n\t\t\t\t\t\t<span class=\"elementor-button-content-wrapper\">\n\t\t\t\t\t\t\t\t\t<span class=\"elementor-button-text\">Inquire now<\/span>\n\t\t\t\t\t<\/span>\n\t\t\t\t\t<\/a>\n\t\t\t\t<\/div>\n\t\t\t\t\t\t\t\t<\/div>\n\t\t\t\t<\/div>\n\t\t\t\t<\/div>\n\t\t<div class=\"elementor-element elementor-element-6fc68bd e-con-full e-flex e-con e-child\" data-id=\"6fc68bd\" data-element_type=\"container\" data-e-type=\"container\">\n\t\t\t\t<\/div>\n\t\t\t\t\t<\/div>\n\t\t\t\t<\/div>\n\t\t<div class=\"elementor-element elementor-element-0c86155 e-grid e-con-boxed e-con e-parent\" data-id=\"0c86155\" data-element_type=\"container\" data-e-type=\"container\">\n\t\t\t\t\t<div class=\"e-con-inner\">\n\t\t<div class=\"elementor-element elementor-element-ecb1803 e-con-full e-flex e-con e-child\" data-id=\"ecb1803\" data-element_type=\"container\" data-e-type=\"container\" data-settings=\"{&quot;background_background&quot;:&quot;classic&quot;}\">\n\t\t\t\t<\/div>\n\t\t<div class=\"elementor-element elementor-element-6434670 e-con-full e-flex e-con e-child\" data-id=\"6434670\" data-element_type=\"container\" data-e-type=\"container\">\n\t\t\t\t<div class=\"elementor-element elementor-element-44d5587 elementor-widget elementor-widget-heading\" data-id=\"44d5587\" data-element_type=\"widget\" data-e-type=\"widget\" data-widget_type=\"heading.default\">\n\t\t\t\t<div class=\"elementor-widget-container\">\n\t\t\t\t\t<h2 class=\"elementor-heading-title elementor-size-default\">A concept<\/h2>\t\t\t\t<\/div>\n\t\t\t\t<\/div>\n\t\t\t\t<div class=\"elementor-element elementor-element-7389361 elementor-widget elementor-widget-heading\" data-id=\"7389361\" data-element_type=\"widget\" data-e-type=\"widget\" data-widget_type=\"heading.default\">\n\t\t\t\t<div class=\"elementor-widget-container\">\n\t\t\t\t\t<h5 class=\"elementor-heading-title elementor-size-default\">Full Wedding Package - Ceremony, vocals and DJ as a continuous process<\/h5>\t\t\t\t<\/div>\n\t\t\t\t<\/div>\n\t\t\t\t<div class=\"elementor-element elementor-element-921d399 elementor-widget__width-initial elementor-widget elementor-widget-text-editor\" data-id=\"921d399\" data-element_type=\"widget\" data-e-type=\"widget\" data-widget_type=\"text-editor.default\">\n\t\t\t\t<div class=\"elementor-widget-container\">\n\t\t\t\t\t\t\t\t\t<p data-start=\"552\" data-end=\"761\">I don't work with individual building blocks, but with a clear concept. Instead of juxtaposing services, I create a continuous process in which the ceremony, live vocals and DJ intertwine.<\/p><p data-start=\"763\" data-end=\"1014\">A common thread runs through your wedding from the first moment to the party. Transitions are deliberately designed, atmosphere is built up and energy is directed in a targeted manner. The result is not a sequence of individual program points, but a harmonious wedding experience.<\/p><p data-start=\"1016\" data-end=\"1224\">Whether in Switzerland or worldwide, the implementation is structured, multilingual, and internationally oriented. Communication in German, English, or Swiss German is a matter of course.<\/p><p data-start=\"1226\" data-end=\"1358\">The Full Wedding Concept is aimed at couples who want to experience their luxury wedding instead of having to coordinate it themselves.<\/p>\t\t\t\t\t\t\t\t<\/div>\n\t\t\t\t<\/div>\n\t\t\t\t<div class=\"elementor-element elementor-element-60163f1 elementor-widget elementor-widget-button\" data-id=\"60163f1\" data-element_type=\"widget\" data-e-type=\"widget\" data-widget_type=\"button.default\">\n\t\t\t\t<div class=\"elementor-widget-container\">\n\t\t\t\t\t\t\t\t\t<div class=\"elementor-button-wrapper\">\n\t\t\t\t\t<a class=\"elementor-button elementor-button-link elementor-size-sm\" href=\"https:\/\/weddinglady.ch\/en\/kontakt\/\">\n\t\t\t\t\t\t<span class=\"elementor-button-content-wrapper\">\n\t\t\t\t\t\t\t\t\t<span class=\"elementor-button-text\">Inquire now<\/span>\n\t\t\t\t\t<\/span>\n\t\t\t\t\t<\/a>\n\t\t\t\t<\/div>\n\t\t\t\t\t\t\t\t<\/div>\n\t\t\t\t<\/div>\n\t\t\t\t<\/div>\n\t\t\t\t\t<\/div>\n\t\t\t\t<\/div>\n\t\t<div class=\"elementor-element elementor-element-d16e74d e-con-full e-flex e-con e-parent\" data-id=\"d16e74d\" data-element_type=\"container\" data-e-type=\"container\" data-settings=\"{&quot;background_background&quot;:&quot;classic&quot;}\">\n\t\t<div class=\"elementor-element elementor-element-aa390d8 e-con-full e-flex e-con e-child\" data-id=\"aa390d8\" data-element_type=\"container\" data-e-type=\"container\">\n\t\t\t\t<div class=\"elementor-element elementor-element-5925f50 instagram2 elementor-widget elementor-widget-heading\" data-id=\"5925f50\" data-element_type=\"widget\" data-e-type=\"widget\" data-widget_type=\"heading.default\">\n\t\t\t\t<div class=\"elementor-widget-container\">\n\t\t\t\t\t<h5 class=\"elementor-heading-title elementor-size-default\">With me on Instagram<\/h5>\t\t\t\t<\/div>\n\t\t\t\t<\/div>\n\t\t\t\t<div class=\"elementor-element elementor-element-aeb317f elementor-author-box--image-valign-middle elementor-widget elementor-widget-author-box\" data-id=\"aeb317f\" data-element_type=\"widget\" data-e-type=\"widget\" data-widget_type=\"author-box.default\">\n\t\t\t\t<div class=\"elementor-widget-container\">\n\t\t\t\t\t\t\t<div class=\"elementor-author-box\">\n\t\t\t\t\t\t\t<a href=\"#\" target=\"_blank\" class=\"elementor-author-box__avatar\">\n\t\t\t\t\t<img decoding=\"async\" src=\"https:\/\/weddinglady.ch\/wp-content\/uploads\/2026\/01\/naomi-ben-freie-rednerin-dj-saengerin-hochzeit-stmoritz41-200x300.jpg\" alt=\"Picture of Naomi Ben\" loading=\"lazy\">\n\t\t\t\t<\/a>\n\t\t\t\n\t\t\t<div class=\"elementor-author-box__text\">\n\t\t\t\t\t\t\t\t\t<a href=\"#\" target=\"_blank\">\n\t\t\t\t\t\t<h4 class=\"elementor-author-box__name\">\n\t\t\t\t\t\t\tNaomi Ben\t\t\t\t\t\t<\/h4>\n\t\t\t\t\t<\/a>\n\t\t\t\t\n\t\t\t\t\t\t\t\t\t<div class=\"elementor-author-box__bio\">\n\t\t\t\t\t\t<p>@weddinglady_naomi<\/p>\n\t\t\t\t\t<\/div>\n\t\t\t\t\n\t\t\t\t\t\t\t<\/div>\n\t\t<\/div>\n\t\t\t\t\t\t<\/div>\n\t\t\t\t<\/div>\n\t\t\t\t<div class=\"elementor-element elementor-element-a7f012d elementor-align-left elementor-mobile-align-center elementor-widget elementor-widget-button\" data-id=\"a7f012d\" data-element_type=\"widget\" data-e-type=\"widget\" data-widget_type=\"button.default\">\n\t\t\t\t<div class=\"elementor-widget-container\">\n\t\t\t\t\t\t\t\t\t<div class=\"elementor-button-wrapper\">\n\t\t\t\t\t<a class=\"elementor-button elementor-button-link elementor-size-sm\" href=\"https:\/\/www.instagram.com\/weddinglady_naomi\/\" target=\"_blank\" rel=\"noopener\">\n\t\t\t\t\t\t<span class=\"elementor-button-content-wrapper\">\n\t\t\t\t\t\t<span class=\"elementor-button-icon\">\n\t\t\t\t<svg aria-hidden=\"true\" class=\"e-font-icon-svg e-fab-instagram\" viewbox=\"0 0 448 512\" xmlns=\"http:\/\/www.w3.org\/2000\/svg\"><path d=\"M224.1 141c-63.6 0-114.9 51.3-114.9 114.9s51.3 114.9 114.9 114.9S339 319.5 339 255.9 287.7 141 224.1 141zm0 189.6c-41.1 0-74.7-33.5-74.7-74.7s33.5-74.7 74.7-74.7 74.7 33.5 74.7 74.7-33.6 74.7-74.7 74.7zm146.4-194.3c0 14.9-12 26.8-26.8 26.8-14.9 0-26.8-12-26.8-26.8s12-26.8 26.8-26.8 26.8 12 26.8 26.8zm76.1 27.2c-1.7-35.9-9.9-67.7-36.2-93.9-26.2-26.2-58-34.4-93.9-36.2-37-2.1-147.9-2.1-184.9 0-35.8 1.7-67.6 9.9-93.9 36.1s-34.4 58-36.2 93.9c-2.1 37-2.1 147.9 0 184.9 1.7 35.9 9.9 67.7 36.2 93.9s58 34.4 93.9 36.2c37 2.1 147.9 2.1 184.9 0 35.9-1.7 67.7-9.9 93.9-36.2 26.2-26.2 34.4-58 36.2-93.9 2.1-37 2.1-147.8 0-184.8zM398.8 388c-7.8 19.6-22.9 34.7-42.6 42.6-29.5 11.7-99.5 9-132.1 9s-102.7 2.6-132.1-9c-19.6-7.8-34.7-22.9-42.6-42.6-11.7-29.5-9-99.5-9-132.1s-2.6-102.7 9-132.1c7.8-19.6 22.9-34.7 42.6-42.6 29.5-11.7 99.5-9 132.1-9s102.7-2.6 132.1 9c19.6 7.8 34.7 22.9 42.6 42.6 11.7 29.5 9 99.5 9 132.1s2.7 102.7-9 132.1z\"><\/path><\/svg>\t\t\t<\/span>\n\t\t\t\t\t\t\t\t\t<span class=\"elementor-button-text\">With me on Instagram<\/span>\n\t\t\t\t\t<\/span>\n\t\t\t\t\t<\/a>\n\t\t\t\t<\/div>\n\t\t\t\t\t\t\t\t<\/div>\n\t\t\t\t<\/div>\n\t\t\t\t<\/div>\n\t\t<div class=\"elementor-element elementor-element-262f4c6 e-con-full e-flex e-con e-child\" data-id=\"262f4c6\" data-element_type=\"container\" data-e-type=\"container\">\n\t\t\t\t<div class=\"elementor-element elementor-element-d998b0a elementor-widget__width-initial e-transform elementor-widget elementor-widget-image-carousel\" data-id=\"d998b0a\" data-element_type=\"widget\" data-e-type=\"widget\" data-settings=\"{&quot;slides_to_show&quot;:&quot;4&quot;,&quot;slides_to_show_mobile&quot;:&quot;3&quot;,&quot;slides_to_scroll&quot;:&quot;1&quot;,&quot;navigation&quot;:&quot;none&quot;,&quot;autoplay_speed&quot;:0,&quot;speed&quot;:7000,&quot;image_spacing_custom&quot;:{&quot;unit&quot;:&quot;px&quot;,&quot;size&quot;:8,&quot;sizes&quot;:[]},&quot;_transform_scale_effect&quot;:{&quot;unit&quot;:&quot;px&quot;,&quot;size&quot;:1,&quot;sizes&quot;:[]},&quot;autoplay&quot;:&quot;yes&quot;,&quot;pause_on_hover&quot;:&quot;yes&quot;,&quot;pause_on_interaction&quot;:&quot;yes&quot;,&quot;infinite&quot;:&quot;yes&quot;,&quot;image_spacing_custom_tablet&quot;:{&quot;unit&quot;:&quot;px&quot;,&quot;size&quot;:&quot;&quot;,&quot;sizes&quot;:[]},&quot;image_spacing_custom_mobile&quot;:{&quot;unit&quot;:&quot;px&quot;,&quot;size&quot;:&quot;&quot;,&quot;sizes&quot;:[]},&quot;_transform_scale_effect_tablet&quot;:{&quot;unit&quot;:&quot;px&quot;,&quot;size&quot;:&quot;&quot;,&quot;sizes&quot;:[]},&quot;_transform_scale_effect_mobile&quot;:{&quot;unit&quot;:&quot;px&quot;,&quot;size&quot;:&quot;&quot;,&quot;sizes&quot;:[]}}\" data-widget_type=\"image-carousel.default\">\n\t\t\t\t<div class=\"elementor-widget-container\">\n\t\t\t\t\t\t\t<div class=\"elementor-image-carousel-wrapper swiper\" role=\"region\" aria-roledescription=\"carousel\" aria-label=\"Picture carousel\" dir=\"ltr\">\n\t\t\t<div class=\"elementor-image-carousel swiper-wrapper swiper-image-stretch\" aria-live=\"off\">\n\t\t\t\t\t\t\t\t<div class=\"swiper-slide\" role=\"group\" aria-roledescription=\"slide\" aria-label=\"1 from 7\"><figure class=\"swiper-slide-inner\"><img decoding=\"async\" class=\"swiper-slide-image\" src=\"https:\/\/weddinglady.ch\/wp-content\/uploads\/2026\/01\/naomi-ben-freie-rednerin-dj-saengerin-hochzeit-stmoritz71-1024x1536.jpg\" alt=\"STYLED SHOOT AT CRESTA PALACE\" \/><\/figure><\/div><div class=\"swiper-slide\" role=\"group\" aria-roledescription=\"slide\" aria-label=\"2 from 7\"><figure class=\"swiper-slide-inner\"><img decoding=\"async\" class=\"swiper-slide-image\" src=\"https:\/\/weddinglady.ch\/wp-content\/uploads\/2026\/01\/naomi-ben-freie-rednerin-dj-saengerin-hochzeit-stmoritz74-1024x1536.jpg\" alt=\"STYLED SHOOT AT CRESTA PALACE\" \/><\/figure><\/div><div class=\"swiper-slide\" role=\"group\" aria-roledescription=\"slide\" aria-label=\"3 from 7\"><figure class=\"swiper-slide-inner\"><img decoding=\"async\" class=\"swiper-slide-image\" src=\"https:\/\/weddinglady.ch\/wp-content\/uploads\/2026\/01\/naomi-ben-freie-rednerin-dj-saengerin-hochzeit-stmoritz62-1024x1536.jpg\" alt=\"STYLED SHOOT AT CRESTA PALACE\" \/><\/figure><\/div><div class=\"swiper-slide\" role=\"group\" aria-roledescription=\"slide\" aria-label=\"4 from 7\"><figure class=\"swiper-slide-inner\"><img decoding=\"async\" class=\"swiper-slide-image\" src=\"https:\/\/weddinglady.ch\/wp-content\/uploads\/2026\/01\/naomi-ben-freie-rednerin-dj-saengerin-hochzeit-stmoritz65-1024x1536.jpg\" alt=\"STYLED SHOOT AT CRESTA PALACE\" \/><\/figure><\/div><div class=\"swiper-slide\" role=\"group\" aria-roledescription=\"slide\" aria-label=\"5 from 7\"><figure class=\"swiper-slide-inner\"><img decoding=\"async\" class=\"swiper-slide-image\" src=\"https:\/\/weddinglady.ch\/wp-content\/uploads\/2026\/01\/naomi-ben-freie-rednerin-dj-saengerin-hochzeit-stmoritz72-1024x1536.jpg\" alt=\"STYLED SHOOT AT CRESTA PALACE\" \/><\/figure><\/div><div class=\"swiper-slide\" role=\"group\" aria-roledescription=\"slide\" aria-label=\"6 from 7\"><figure class=\"swiper-slide-inner\"><img decoding=\"async\" class=\"swiper-slide-image\" src=\"https:\/\/weddinglady.ch\/wp-content\/uploads\/2026\/01\/naomi-ben-freie-rednerin-dj-saengerin-hochzeit-stmoritz68-1024x1536.jpg\" alt=\"STYLED SHOOT AT CRESTA PALACE\" \/><\/figure><\/div><div class=\"swiper-slide\" role=\"group\" aria-roledescription=\"slide\" aria-label=\"7 from 7\"><figure class=\"swiper-slide-inner\"><img decoding=\"async\" class=\"swiper-slide-image\" src=\"https:\/\/weddinglady.ch\/wp-content\/uploads\/2026\/01\/naomi-ben-freie-rednerin-dj-saengerin-hochzeit-stmoritz66-1024x1536.jpg\" alt=\"STYLED SHOOT AT CRESTA PALACE\" \/><\/figure><\/div>\t\t\t<\/div>\n\t\t\t\t\t\t\t\n\t\t\t\t\t\t\t\t\t<\/div>\n\t\t\t\t\t\t<\/div>\n\t\t\t\t<\/div>\n\t\t\t\t<\/div>\n\t\t\t\t<\/div>\n\t\t<div class=\"elementor-element elementor-element-8f39301 e-flex e-con-boxed e-con e-parent\" data-id=\"8f39301\" data-element_type=\"container\" data-e-type=\"container\">\n\t\t\t\t\t<div class=\"e-con-inner\">\n\t\t<div class=\"elementor-element elementor-element-3784791 e-con-full e-flex e-con e-child\" data-id=\"3784791\" data-element_type=\"container\" data-e-type=\"container\">\n\t\t<div class=\"elementor-element elementor-element-85efe44 e-con-full e-flex e-con e-child\" data-id=\"85efe44\" data-element_type=\"container\" data-e-type=\"container\">\n\t\t<div class=\"elementor-element elementor-element-6d62124 e-con-full e-flex elementor-invisible e-con e-child\" data-id=\"6d62124\" data-element_type=\"container\" data-e-type=\"container\" data-settings=\"{&quot;animation&quot;:&quot;fadeIn&quot;,&quot;animation_delay&quot;:400}\">\n\t\t\t\t<div class=\"elementor-element elementor-element-751a3e9 elementor-widget elementor-widget-image\" data-id=\"751a3e9\" data-element_type=\"widget\" data-e-type=\"widget\" data-widget_type=\"image.default\">\n\t\t\t\t<div class=\"elementor-widget-container\">\n\t\t\t\t\t\t\t\t\t\t\t\t\t\t\t<img decoding=\"async\" width=\"683\" height=\"1024\" src=\"https:\/\/weddinglady.ch\/wp-content\/uploads\/2026\/01\/naomi-ben-freie-rednerin-dj-saengerin-hochzeit-stmoritz68-683x1024.jpg\" class=\"attachment-large size-large wp-image-14213\" alt=\"\" srcset=\"https:\/\/weddinglady.ch\/wp-content\/uploads\/2026\/01\/naomi-ben-freie-rednerin-dj-saengerin-hochzeit-stmoritz68-683x1024.jpg 683w, https:\/\/weddinglady.ch\/wp-content\/uploads\/2026\/01\/naomi-ben-freie-rednerin-dj-saengerin-hochzeit-stmoritz68-200x300.jpg 200w, https:\/\/weddinglady.ch\/wp-content\/uploads\/2026\/01\/naomi-ben-freie-rednerin-dj-saengerin-hochzeit-stmoritz68-768x1152.jpg 768w, https:\/\/weddinglady.ch\/wp-content\/uploads\/2026\/01\/naomi-ben-freie-rednerin-dj-saengerin-hochzeit-stmoritz68-1024x1536.jpg 1024w, https:\/\/weddinglady.ch\/wp-content\/uploads\/2026\/01\/naomi-ben-freie-rednerin-dj-saengerin-hochzeit-stmoritz68.jpg 1067w\" sizes=\"(max-width: 683px) 100vw, 683px\" \/>\t\t\t\t\t\t\t\t\t\t\t\t\t\t\t<\/div>\n\t\t\t\t<\/div>\n\t\t\t\t<\/div>\n\t\t<div class=\"elementor-element elementor-element-d828e81 e-con-full e-flex elementor-invisible e-con e-child\" data-id=\"d828e81\" data-element_type=\"container\" data-e-type=\"container\" data-settings=\"{&quot;animation&quot;:&quot;fadeIn&quot;,&quot;animation_delay&quot;:500}\">\n\t\t\t\t<div class=\"elementor-element elementor-element-441224b elementor-widget elementor-widget-image\" data-id=\"441224b\" data-element_type=\"widget\" data-e-type=\"widget\" data-widget_type=\"image.default\">\n\t\t\t\t<div class=\"elementor-widget-container\">\n\t\t\t\t\t\t\t\t\t\t\t\t\t\t\t<img decoding=\"async\" width=\"683\" height=\"1024\" src=\"https:\/\/weddinglady.ch\/wp-content\/uploads\/2026\/01\/naomi-ben-dj-saengerin-party-events-wedding9-683x1024.jpeg\" class=\"attachment-large size-large wp-image-14137\" alt=\"\" srcset=\"https:\/\/weddinglady.ch\/wp-content\/uploads\/2026\/01\/naomi-ben-dj-saengerin-party-events-wedding9-683x1024.jpeg 683w, https:\/\/weddinglady.ch\/wp-content\/uploads\/2026\/01\/naomi-ben-dj-saengerin-party-events-wedding9-200x300.jpeg 200w, https:\/\/weddinglady.ch\/wp-content\/uploads\/2026\/01\/naomi-ben-dj-saengerin-party-events-wedding9-768x1151.jpeg 768w, https:\/\/weddinglady.ch\/wp-content\/uploads\/2026\/01\/naomi-ben-dj-saengerin-party-events-wedding9.jpeg 854w\" sizes=\"(max-width: 683px) 100vw, 683px\" \/>\t\t\t\t\t\t\t\t\t\t\t\t\t\t\t<\/div>\n\t\t\t\t<\/div>\n\t\t\t\t<\/div>\n\t\t<div class=\"elementor-element elementor-element-69a90df e-con-full e-flex elementor-invisible e-con e-child\" data-id=\"69a90df\" data-element_type=\"container\" data-e-type=\"container\" data-settings=\"{&quot;animation&quot;:&quot;fadeIn&quot;,&quot;animation_delay&quot;:600}\">\n\t\t\t\t<div class=\"elementor-element elementor-element-f677359 elementor-widget elementor-widget-image\" data-id=\"f677359\" data-element_type=\"widget\" data-e-type=\"widget\" data-widget_type=\"image.default\">\n\t\t\t\t<div class=\"elementor-widget-container\">\n\t\t\t\t\t\t\t\t\t\t\t\t\t\t\t<img loading=\"lazy\" decoding=\"async\" width=\"683\" height=\"1024\" src=\"https:\/\/weddinglady.ch\/wp-content\/uploads\/2026\/01\/naomi-ben-freie-rednerin-dj-saengerin-hochzeit-stmoritz74-683x1024.jpg\" class=\"attachment-large size-large wp-image-14219\" alt=\"\" srcset=\"https:\/\/weddinglady.ch\/wp-content\/uploads\/2026\/01\/naomi-ben-freie-rednerin-dj-saengerin-hochzeit-stmoritz74-683x1024.jpg 683w, https:\/\/weddinglady.ch\/wp-content\/uploads\/2026\/01\/naomi-ben-freie-rednerin-dj-saengerin-hochzeit-stmoritz74-200x300.jpg 200w, https:\/\/weddinglady.ch\/wp-content\/uploads\/2026\/01\/naomi-ben-freie-rednerin-dj-saengerin-hochzeit-stmoritz74-768x1152.jpg 768w, https:\/\/weddinglady.ch\/wp-content\/uploads\/2026\/01\/naomi-ben-freie-rednerin-dj-saengerin-hochzeit-stmoritz74-1024x1536.jpg 1024w, https:\/\/weddinglady.ch\/wp-content\/uploads\/2026\/01\/naomi-ben-freie-rednerin-dj-saengerin-hochzeit-stmoritz74.jpg 1067w\" sizes=\"(max-width: 683px) 100vw, 683px\" \/>\t\t\t\t\t\t\t\t\t\t\t\t\t\t\t<\/div>\n\t\t\t\t<\/div>\n\t\t\t\t<\/div>\n\t\t\t\t<\/div>\n\t\t\t\t<\/div>\n\t\t\t\t\t<\/div>\n\t\t\t\t<\/div>\n\t\t\t\t<\/div>","protected":false},"excerpt":{"rendered":"<p>The Wedding Experience \u2013 Ceremony. Vocals. DJ. Jetzt anfragen Wer ich bin Wer hinter der Wedding Experience steht Hochzeits-S\u00e4ngerin, Traurednerin und DJ \u2013 mit internationalem Hintergrund und einem klaren Anspruch an Qualit\u00e4t. Was mich auszeichnet, ist nicht nur Erfahrung, sondern Verantwortung. Ich denke Hochzeiten als Ganzes. Mit Gef\u00fchl f\u00fcr Menschen, Timing und Atmosph\u00e4re. Musik war [&hellip;]<\/p>\n","protected":false},"author":3,"featured_media":0,"parent":0,"menu_order":0,"comment_status":"closed","ping_status":"closed","template":"elementor_header_footer","meta":{"_acf_changed":false,"footnotes":""},"class_list":["post-13132","page","type-page","status-publish","hentry"],"acf":[],"_links":{"self":[{"href":"https:\/\/weddinglady.ch\/en\/wp-json\/wp\/v2\/pages\/13132","targetHints":{"allow":["GET"]}}],"collection":[{"href":"https:\/\/weddinglady.ch\/en\/wp-json\/wp\/v2\/pages"}],"about":[{"href":"https:\/\/weddinglady.ch\/en\/wp-json\/wp\/v2\/types\/page"}],"author":[{"embeddable":true,"href":"https:\/\/weddinglady.ch\/en\/wp-json\/wp\/v2\/users\/3"}],"replies":[{"embeddable":true,"href":"https:\/\/weddinglady.ch\/en\/wp-json\/wp\/v2\/comments?post=13132"}],"version-history":[{"count":10,"href":"https:\/\/weddinglady.ch\/en\/wp-json\/wp\/v2\/pages\/13132\/revisions"}],"predecessor-version":[{"id":15684,"href":"https:\/\/weddinglady.ch\/en\/wp-json\/wp\/v2\/pages\/13132\/revisions\/15684"}],"wp:attachment":[{"href":"https:\/\/weddinglady.ch\/en\/wp-json\/wp\/v2\/media?parent=13132"}],"curies":[{"name":"wp","href":"https:\/\/api.w.org\/{rel}","templated":true}]}}